{"id":546,"date":"2023-05-03T11:29:05","date_gmt":"2023-05-03T11:29:05","guid":{"rendered":"https:\/\/inmobotanico.com\/index.php\/iniciar-sesion\/"},"modified":"2023-05-03T11:29:05","modified_gmt":"2023-05-03T11:29:05","slug":"iniciar-sesion","status":"publish","type":"page","link":"https:\/\/inmobotanico.com\/index.php\/iniciar-sesion\/","title":{"rendered":"Iniciar sesi\u00f3n"},"content":{"rendered":"<div class=\"es-auth js-es-auth content-font\">\n                    <div class=\"es-auth__item es-auth__login-buttons \">\n\t        <h3 class=\"heading-font\">Ingresa o Registro<\/h3>\n\t\n\t        <p>para guardar tus casas favoritas y m\u00e1s<\/p>\n\t\n\t\t\t\t\t\t\t\n\t        <p class=\"sign-in-text\">\u00bfNo tienes una cuenta? <a href=\"#\" data-auth-item=\"buyer-register-buttons\" class=\"js-es-auth-item__switcher\">Inscribirse<\/a><\/p>\n\t\n    <div class=\"es-space\"><\/div>\n<\/div>\n        <div class=\"es-auth__item js-es-auth__login-form es-auth__login-form es-auth__item--hidden\">\n\t        <h3 class=\"heading-font\">Ingresa o Registro<\/h3>\n\t\n\t        <p>para guardar tus casas favoritas y m\u00e1s<\/p>\n\t\n    <div class=\"all-login-back\">\n        <a href=\"#\" data-auth-item=\"login-buttons\" class=\"js-es-auth-item__switcher\">\n            <span class=\"es-icon es-icon_chevron-left\"><\/span>Todas las opciones de inicio de sesi\u00f3n        <\/a>\n    <\/div>\n\n    <form action=\"\" method=\"POST\">\n\t\t\n                               <div class='es-field es-field__es_user_login es-field--text '>\n                                   <label for='es_user_login-69e5e47bd3fb2'><div class='es-field__label'>Email<\/div><input id=\"es_user_login-69e5e47bd3fb2\" name=\"es_user_login\" class=\"es-field__input\" required=\"required\" type=\"text\" value=\"\" \/><\/label>\n                               <\/div>\n                           \n                                   <div class='es-field es-field__es_user_password es-field--password '>\n                                       <label for='es_user_password-69e5e47bd6c77'><div class='es-field__label'>Contrase\u00f1a<\/div><div class='es-input__wrap'><input id=\"es_user_password-69e5e47bd6c77\" name=\"es_user_password\" class=\"es-field__input\" required=\"required\" type=\"password\" value=\"\" \/><a href='#' class='es-toggle-pwd js-es-toggle-pwd'><span class='es-icon es-icon_eye'><\/span><\/a><\/div><\/label>\n                                   <\/div>\n                                       <div class=\"forgot-pwd\">\n            <a href=\"#\" data-auth-item=\"reset-form\" class=\"js-es-auth-item__switcher\">\u00bfSe te olvid\u00f3 tu contrase\u00f1a?<\/a>\n        <\/div>\n\n\t\t        <input type=\"hidden\" name=\"uniqid\" value=\"69e5e47bd6c96\"\/>\n\t\t<input type=\"hidden\" id=\"es_auth_nonce_69e5e47bd6c96\" name=\"es_auth_nonce_69e5e47bd6c96\" value=\"d4755d62bc\" \/><input type=\"hidden\" name=\"_wp_http_referer\" value=\"\/index.php\/wp-json\/wp\/v2\/pages\/546\" \/>        <button type=\"submit\" class=\"es-btn es-btn--primary js-es-btn--login es-btn--login\" disabled>Iniciar sesi\u00f3n<\/button>\n    <\/form>\n\n\t        <p class=\"sign-in-text\">\u00bfNo tienes una cuenta? <a href=\"#\" class=\"js-es-auth-item__switcher\" data-auth-item=\"buyer-register-buttons\">Inscribirse<\/a>\n<\/p>\n\t    <div class=\"es-space\"><\/div>\n<\/div>\n        <div class=\"es-auth__item es-auth__reset-form es-auth__item--hidden\">\n    <h3 class=\"heading-font\">Reset password<\/h3>\n    <p>Ingrese su direcci\u00f3n de correo electr\u00f3nico y le enviaremos un enlace para cambiar su contrase\u00f1a.<\/p>\n\n    <form action=\"\" method=\"POST\">\n\t\t\n        <input type=\"hidden\" name=\"uniqid\" value=\"69e5e47bd6e29\"\/>\n\n\t\t\t\t\t\n                               <div class='es-field es-field__es_user_email es-field--email '>\n                                   <label for='es_user_email-69e5e47bd6e45'><div class='es-field__label'>Email<\/div><input id=\"es_user_email-69e5e47bd6e45\" name=\"es_user_email\" class=\"es-field__input\" required=\"required\" type=\"email\" value=\"\" \/><\/label>\n                               <\/div>\n                           \t\t\t<input type=\"hidden\" id=\"es_retrieve_pwd_nonce_69e5e47bd6e29\" name=\"es_retrieve_pwd_nonce_69e5e47bd6e29\" value=\"c39ab247fa\" \/><input type=\"hidden\" name=\"_wp_http_referer\" value=\"\/index.php\/wp-json\/wp\/v2\/pages\/546\" \/>            <button type=\"submit\" class=\"es-btn es-btn--primary es-btn--reset\">Enviar enlace de reinicio<\/button>\n\t\t\n        <div><a href=\"#\" data-auth-item=\"login-buttons\" class=\"js-es-auth-item__switcher login-back\"><span class=\"es-icon es-icon_chevron-left\"><\/span>Atr\u00e1s para iniciar sesi\u00f3n\n<\/a><\/div>\n    <\/form>\n    <div class=\"es-space\"><\/div>\n<\/div>\n\t                <div class=\"es-auth__item es-auth__buyer-register-buttons es-auth__item--hidden\">\n\t        <h3 class=\"heading-font\">Comience con su cuenta<\/h3>\n\t\n\t        <p>para guardar tus casas favoritas y m\u00e1s<\/p>\n\t\n\t\t\t\t\t\t\t\n    <p class=\"sign-in-text\">\u00bfYa tienes una cuenta? <a href=\"#\" data-auth-item=\"login-buttons\" class=\"js-es-auth-item__switcher\">Iniciar sesi\u00f3n<\/a><\/p>\n    <div class=\"es-space\"><\/div>\n<\/div>\n            <div class=\"es-auth__item es-auth__buyer-register-form es-auth__item--hidden\">\n\t        <h3 class=\"heading-font\">Comience con su cuenta<\/h3>\n\t\n\t        <p>para guardar tus casas favoritas y m\u00e1s<\/p>\n\t\n    <div class=\"all-login-back\">\n        <a href=\"#\" class=\"js-es-auth-item__switcher\" data-auth-item=\"buyer-register-buttons\">\n            <span class=\"es-icon es-icon_chevron-left\"><\/span>Todas las opciones de registro        <\/a>\n    <\/div>\n\n    <form action=\"\" method=\"POST\">\n\t\t        <input type=\"hidden\" name=\"uniqid\" value=\"69e5e47bd7130\"\/>\n        <input type=\"hidden\" id=\"es_register_nonce_69e5e47bd7130\" name=\"es_register_nonce_69e5e47bd7130\" value=\"cde860cc8b\" \/><input type=\"hidden\" name=\"_wp_http_referer\" value=\"\/index.php\/wp-json\/wp\/v2\/pages\/546\" \/><input id=\"redirect_url-69e5e47bd7151\" name=\"redirect_url\" class=\"es-field__input\" type=\"hidden\" value=\"\" \/><input id=\"es_type-69e5e47bd7169\" name=\"es_type\" class=\"es-field__input\" type=\"hidden\" value=\"buyer\" \/>\n                               <div class='es-field es-field__es_user_email es-field--email '>\n                                   <label for='es_user_email-69e5e47bd718d'><div class='es-field__label'>Email<\/div><input id=\"es_user_email-69e5e47bd718d\" name=\"es_user_email\" class=\"es-field__input\" required=\"required\" type=\"email\" value=\"\" \/><p class='es-field__description'>Lo usar\u00e1 para iniciar sesi\u00f3n y nosotros lo usaremos para comunicarnos con usted.\n<\/p><\/label>\n                               <\/div>\n                           \n                                   <div class='es-field es-field__es_user_password es-field--password '>\n                                       <label for='es_user_password-69e5e47bd71b6'><div class='es-field__label'>Contrase\u00f1a<\/div><div class='es-input__wrap'><input id=\"es_user_password-69e5e47bd71b6\" name=\"es_user_password\" class=\"js-es-password-field es-field__input\" required=\"required\" minlength=\"8\" type=\"password\" value=\"\" \/><a href='#' class='es-toggle-pwd js-es-toggle-pwd'><span class='es-icon es-icon_eye'><\/span><\/a><\/div><p class='es-field__description'><ul class='es-field__validate-list'>\n                                <li class='es-validate-item es-validate-item__contain'>No puede contener el nombre o la direcci\u00f3n de correo electr\u00f3nico.<\/li>\n                                <li class='es-validate-item es-validate-item__length'>Al menos 8 car\u00e1cteres<\/li>\n                                <li class='es-validate-item es-validate-item__char'>Contiene un n\u00famero o s\u00edmbolo.<\/li>\n                            <\/ul><\/p><\/label>\n                                   <\/div>\n                               \n\t    \n        <button type=\"submit\" disabled class=\"es-btn es-btn--primary es-btn--signup\">Inscribirse\n<\/button>\n\t\t<div class='es-privacy-policy-container'><div class='es-terms-text'>Al hacer clic en el bot\u00f3n \u00abINSCRIBIRSE\u00bb, acepta los Condiciones de uso\n y Pol\u00edtica de privacidad<\/div><\/div>        <p class=\"sign-in-text\">\u00bfYa tienes una cuenta? <a href=\"#\" class=\"js-es-auth-item__switcher\" data-auth-item=\"login-buttons\">Iniciar sesi\u00f3n<\/a>\n<\/p>\n    <\/form>\n    <div class=\"es-space\"><\/div>\n<\/div>\n            \n    <div class='es-powered content-font'>Powered by <a target='_blank' href='https:\/\/estatik.net'>Estatik<\/a><\/div><\/div>\n\n","protected":false},"excerpt":{"rendered":"","protected":false},"author":1,"featured_media":0,"parent":0,"menu_order":0,"comment_status":"closed","ping_status":"closed","template":"","meta":{"_uag_custom_page_level_css":"","site-sidebar-layout":"default","site-content-layout":"default","ast-global-header-display":"","ast-main-header-display":"","ast-hfb-above-header-display":"","ast-hfb-below-header-display":"","ast-hfb-mobile-header-display":"","site-post-title":"","ast-breadcrumbs-content":"","ast-featured-img":"","footer-sml-layout":"","theme-transparent-header-meta":"","adv-header-id-meta":"","stick-header-meta":"","header-above-stick-meta":"","header-main-stick-meta":"","header-below-stick-meta":"","_themeisle_gutenberg_block_has_review":false},"uagb_featured_image_src":{"full":false,"thumbnail":false,"medium":false,"medium_large":false,"large":false,"1536x1536":false,"2048x2048":false,"trp-custom-language-flag":false},"uagb_author_info":{"display_name":"inmobotanico.cliente","author_link":"https:\/\/inmobotanico.com\/index.php\/author\/inmobotanico-cliente\/"},"uagb_comment_info":0,"uagb_excerpt":null,"_links":{"self":[{"href":"https:\/\/inmobotanico.com\/index.php\/wp-json\/wp\/v2\/pages\/546"}],"collection":[{"href":"https:\/\/inmobotanico.com\/index.php\/wp-json\/wp\/v2\/pages"}],"about":[{"href":"https:\/\/inmobotanico.com\/index.php\/wp-json\/wp\/v2\/types\/page"}],"author":[{"embeddable":true,"href":"https:\/\/inmobotanico.com\/index.php\/wp-json\/wp\/v2\/users\/1"}],"replies":[{"embeddable":true,"href":"https:\/\/inmobotanico.com\/index.php\/wp-json\/wp\/v2\/comments?post=546"}],"version-history":[{"count":0,"href":"https:\/\/inmobotanico.com\/index.php\/wp-json\/wp\/v2\/pages\/546\/revisions"}],"wp:attachment":[{"href":"https:\/\/inmobotanico.com\/index.php\/wp-json\/wp\/v2\/media?parent=546"}],"curies":[{"name":"wp","href":"https:\/\/api.w.org\/{rel}","templated":true}]}}